{"id":81,"date":"2025-01-27T17:23:40","date_gmt":"2025-01-27T16:23:40","guid":{"rendered":"https:\/\/arbom.fr\/?page_id=81"},"modified":"2025-09-12T15:50:49","modified_gmt":"2025-09-12T13:50:49","slug":"plantation","status":"publish","type":"page","link":"https:\/\/arbom.fr\/index.php\/plantation\/","title":{"rendered":"Plantation"},"content":{"rendered":"\n<p>ARBOM plante vos Arbres, de la graine au grand sujets !<\/p>\n\n\n\n<p>Pour remplacer un vieil arbre, planter un arbre pour une naissance, pour un d\u00e9part, planter une haie, un verger ou une for\u00eat, ARBOM vous conseille et vous accompagne.<\/p>\n\n\n\n<p>En partenariat avec les p\u00e9pini\u00e9ristes professionnels et rigoureux, ARBOM fournit et plante vos essences pr\u00e9f\u00e9r\u00e9es.<\/p>\n\n\n\n<div class=\"wp-block-columns is-layout-flex wp-container-core-columns-is-layout-9d6595d7 wp-block-columns-is-layout-flex\">\n<div class=\"wp-block-column is-layout-flow wp-block-column-is-layout-flow\">\n<figure class=\"wp-block-image size-large is-resized is-style-rounded\"><img alt=\"\" loading=\"lazy\" decoding=\"async\" width=\"768\" height=\"1024\" src=\"https:\/\/arbom.fr\/wp-content\/uploads\/2025\/09\/Plantation-Gincko-768x1024.jpg\" alt=\"\" class=\"wp-image-280\" style=\"aspect-ratio:1;object-fit:cover;width:419px;height:auto\" srcset=\"https:\/\/arbom.fr\/wp-content\/uploads\/2025\/09\/Plantation-Gincko-768x1024.jpg 768w, https:\/\/arbom.fr\/wp-content\/uploads\/2025\/09\/Plantation-Gincko-225x300.jpg 225w, https:\/\/arbom.fr\/wp-content\/uploads\/2025\/09\/Plantation-Gincko-1152x1536.jpg 1152w, https:\/\/arbom.fr\/wp-content\/uploads\/2025\/09\/Plantation-Gincko-1536x2048.jpg 1536w, https:\/\/arbom.fr\/wp-content\/uploads\/2025\/09\/Plantation-Gincko-scaled.jpg 1920w\" sizes=\"auto, (max-width: 768px) 100vw, 768px\" \/><figcaption class=\"wp-element-caption\">Plantation d&rsquo;un Gincko Biloba<\/figcaption><\/figure>\n<\/div>\n\n\n\n<div class=\"wp-block-column is-layout-flow wp-block-column-is-layout-flow\">\n<figure class=\"wp-block-image size-large is-style-rounded\"><img alt=\"\" loading=\"lazy\" decoding=\"async\" width=\"768\" height=\"1024\" src=\"https:\/\/arbom.fr\/wp-content\/uploads\/2025\/09\/IMG_20231122_130651-corrigee-768x1024.jpg\" alt=\"\" class=\"wp-image-282\" style=\"aspect-ratio:1;object-fit:cover\" srcset=\"https:\/\/arbom.fr\/wp-content\/uploads\/2025\/09\/IMG_20231122_130651-corrigee-768x1024.jpg 768w, https:\/\/arbom.fr\/wp-content\/uploads\/2025\/09\/IMG_20231122_130651-corrigee-225x300.jpg 225w, https:\/\/arbom.fr\/wp-content\/uploads\/2025\/09\/IMG_20231122_130651-corrigee-1152x1536.jpg 1152w, https:\/\/arbom.fr\/wp-content\/uploads\/2025\/09\/IMG_20231122_130651-corrigee-1536x2048.jpg 1536w, https:\/\/arbom.fr\/wp-content\/uploads\/2025\/09\/IMG_20231122_130651-corrigee-scaled.jpg 1920w\" sizes=\"auto, (max-width: 768px) 100vw, 768px\" \/><figcaption class=\"wp-element-caption\">plantation Albizia<\/figcaption><\/figure>\n<\/div>\n\n\n\n<div class=\"wp-block-column is-layout-flow wp-block-column-is-layout-flow\">\n<figure class=\"wp-block-image size-large is-style-rounded\"><img alt=\"plantation abattage et debit de bois\" loading=\"lazy\" decoding=\"async\" width=\"1024\" height=\"768\" src=\"https:\/\/arbom.fr\/wp-content\/uploads\/2025\/01\/IMG_20231122_130636-1024x768.jpg\" alt=\"\" class=\"wp-image-27\" style=\"aspect-ratio:1;object-fit:cover\" srcset=\"https:\/\/arbom.fr\/wp-content\/uploads\/2025\/01\/IMG_20231122_130636-1024x768.jpg 1024w, https:\/\/arbom.fr\/wp-content\/uploads\/2025\/01\/IMG_20231122_130636-300x225.jpg 300w, https:\/\/arbom.fr\/wp-content\/uploads\/2025\/01\/IMG_20231122_130636-768x576.jpg 768w, https:\/\/arbom.fr\/wp-content\/uploads\/2025\/01\/IMG_20231122_130636-1536x1152.jpg 1536w, https:\/\/arbom.fr\/wp-content\/uploads\/2025\/01\/IMG_20231122_130636-2048x1536.jpg 2048w, https:\/\/arbom.fr\/wp-content\/uploads\/2025\/01\/IMG_20231122_130636-400x300.jpg 400w\" sizes=\"auto, (max-width: 1024px) 100vw, 1024px\" \/><figcaption class=\"wp-element-caption\">Abattage, d\u00e9bit de bois puis plantation<\/figcaption><\/figure>\n<\/div>\n<\/div>\n\n\n\n<div class=\"wp-block-columns is-layout-flex wp-container-core-columns-is-layout-9d6595d7 wp-block-columns-is-layout-flex\">\n<div class=\"wp-block-column is-layout-flow wp-block-column-is-layout-flow\">\n<figure class=\"wp-block-image size-large is-resized is-style-rounded\"><img alt=\"etayage eucalyptus\" loading=\"lazy\" decoding=\"async\" width=\"768\" height=\"1024\" src=\"https:\/\/arbom.fr\/wp-content\/uploads\/2025\/03\/IMG_20241120_153439-768x1024.jpg\" alt=\"\" class=\"wp-image-118\" style=\"aspect-ratio:1;object-fit:cover;width:419px;height:auto\" srcset=\"https:\/\/arbom.fr\/wp-content\/uploads\/2025\/03\/IMG_20241120_153439-768x1024.jpg 768w, https:\/\/arbom.fr\/wp-content\/uploads\/2025\/03\/IMG_20241120_153439-225x300.jpg 225w, https:\/\/arbom.fr\/wp-content\/uploads\/2025\/03\/IMG_20241120_153439-1152x1536.jpg 1152w, https:\/\/arbom.fr\/wp-content\/uploads\/2025\/03\/IMG_20241120_153439-1536x2048.jpg 1536w, https:\/\/arbom.fr\/wp-content\/uploads\/2025\/03\/IMG_20241120_153439-scaled.jpg 1920w\" sizes=\"auto, (max-width: 768px) 100vw, 768px\" \/><figcaption class=\"wp-element-caption\">\u00c9tayage d&rsquo;un Eucalyptus tr\u00e8s pench\u00e9<\/figcaption><\/figure>\n<\/div>\n\n\n\n<div class=\"wp-block-column is-layout-flow wp-block-column-is-layout-flow\">\n<figure class=\"wp-block-image size-large is-resized is-style-rounded\"><img alt=\"\" loading=\"lazy\" decoding=\"async\" width=\"768\" height=\"1024\" src=\"https:\/\/arbom.fr\/wp-content\/uploads\/2025\/09\/Plantation-Noisetier-cepee-768x1024.jpg\" alt=\"\" class=\"wp-image-279\" style=\"aspect-ratio:1;object-fit:cover;width:419px\" srcset=\"https:\/\/arbom.fr\/wp-content\/uploads\/2025\/09\/Plantation-Noisetier-cepee-768x1024.jpg 768w, https:\/\/arbom.fr\/wp-content\/uploads\/2025\/09\/Plantation-Noisetier-cepee-225x300.jpg 225w, https:\/\/arbom.fr\/wp-content\/uploads\/2025\/09\/Plantation-Noisetier-cepee-1152x1536.jpg 1152w, https:\/\/arbom.fr\/wp-content\/uploads\/2025\/09\/Plantation-Noisetier-cepee-1536x2048.jpg 1536w, https:\/\/arbom.fr\/wp-content\/uploads\/2025\/09\/Plantation-Noisetier-cepee-scaled.jpg 1920w\" sizes=\"auto, (max-width: 768px) 100vw, 768px\" \/><figcaption class=\"wp-element-caption\">Plantation d&rsquo;un Noisetier en c\u00e9p\u00e9e<\/figcaption><\/figure>\n<\/div>\n<\/div>\n","protected":false},"excerpt":{"rendered":"<p>ARBOM plante vos Arbres, de la graine au grand sujets ! Pour remplacer un vieil arbre, planter un arbre pour une naissance, pour un d\u00e9part, &hellip;<\/p>\n","protected":false},"author":1,"featured_media":0,"parent":0,"menu_order":0,"comment_status":"closed","ping_status":"closed","template":"","meta":{"_seopress_robots_primary_cat":"","_seopress_titles_title":"","_seopress_titles_desc":"","_seopress_robots_index":"","footnotes":""},"class_list":["post-81","page","type-page","status-publish","hentry"],"_links":{"self":[{"href":"https:\/\/arbom.fr\/index.php\/wp-json\/wp\/v2\/pages\/81","targetHints":{"allow":["GET"]}}],"collection":[{"href":"https:\/\/arbom.fr\/index.php\/wp-json\/wp\/v2\/pages"}],"about":[{"href":"https:\/\/arbom.fr\/index.php\/wp-json\/wp\/v2\/types\/page"}],"author":[{"embeddable":true,"href":"https:\/\/arbom.fr\/index.php\/wp-json\/wp\/v2\/users\/1"}],"replies":[{"embeddable":true,"href":"https:\/\/arbom.fr\/index.php\/wp-json\/wp\/v2\/comments?post=81"}],"version-history":[{"count":8,"href":"https:\/\/arbom.fr\/index.php\/wp-json\/wp\/v2\/pages\/81\/revisions"}],"predecessor-version":[{"id":283,"href":"https:\/\/arbom.fr\/index.php\/wp-json\/wp\/v2\/pages\/81\/revisions\/283"}],"wp:attachment":[{"href":"https:\/\/arbom.fr\/index.php\/wp-json\/wp\/v2\/media?parent=81"}],"curies":[{"name":"wp","href":"https:\/\/api.w.org\/{rel}","templated":true}]}}