{"id":79,"date":"2025-01-27T17:15:43","date_gmt":"2025-01-27T16:15:43","guid":{"rendered":"https:\/\/arbom.fr\/?page_id=79"},"modified":"2025-09-08T13:50:12","modified_gmt":"2025-09-08T11:50:12","slug":"entretien-espaces-verts","status":"publish","type":"page","link":"https:\/\/arbom.fr\/index.php\/entretien-espaces-verts\/","title":{"rendered":"Entretien de vos espaces verts"},"content":{"rendered":"\n<p>ARBOM vous accompagne dans l&rsquo;entretien de vos espaces verts et b\u00e9n\u00e9ficie de la r\u00e9duction d\u2019imp\u00f4ts de 50% pour les petits travaux de jardinage<\/p>\n\n\n\n<ul class=\"wp-block-list\">\n<li>Taille de vos haies, de vos arbustes, Arbres fruitiers<\/li>\n\n\n\n<li>D\u00e9broussaillage, suivant <a href=\"https:\/\/www.drome.gouv.fr\/Actions-de-l-Etat\/Agriculture.-forets-et-developpement-rural\/Forets\/Prevention-contre-les-incendies-de-forets\/Guide-du-debroussaillement-reglementaire\" data-type=\"link\" data-id=\"https:\/\/www.drome.gouv.fr\/Actions-de-l-Etat\/Agriculture.-forets-et-developpement-rural\/Forets\/Prevention-contre-les-incendies-de-forets\/Guide-du-debroussaillement-reglementaire\">les obligations l\u00e9gales<\/a> avec fourniture d&rsquo;une attestation<\/li>\n\n\n\n<li>D\u00e9sherbage, <\/li>\n\n\n\n<li>Plantation sur toutes les strates v\u00e9g\u00e9tales, du couvre sol aux arbres de Canop\u00e9es.<\/li>\n\n\n\n<li>Broyage et valorisation de vos d\u00e9chets verts<\/li>\n<\/ul>\n\n\n\n<p>ARBOM b\u00e9n\u00e9ficie de l&rsquo;agr\u00e9ment de service \u00e0 la personne. Pour un entretien r\u00e9gulier ou ponctuel, les petits travaux de jardinage entrent dans le cadre des services \u00e0 la personne et permettent aux particuliers de b\u00e9n\u00e9ficier de 50% de cr\u00e9dit d\u2019imp\u00f4t (selon l\u2019article 199 du code g\u00e9n\u00e9ral des imp\u00f4ts). <\/p>\n\n\n\n<div class=\"wp-block-columns is-layout-flex wp-container-core-columns-is-layout-9d6595d7 wp-block-columns-is-layout-flex\">\n<div class=\"wp-block-column is-layout-flow wp-block-column-is-layout-flow\"><div class=\"wp-block-image is-style-rounded\">\n<figure class=\"aligncenter size-large is-resized\"><img loading=\"lazy\" decoding=\"async\" width=\"1024\" height=\"768\" src=\"https:\/\/arbom.fr\/wp-content\/uploads\/2025\/09\/IMG_20250528_113944-1024x768.jpg\" alt=\"Taille de Haie sur 3 faces\" class=\"wp-image-252\" style=\"aspect-ratio:1;object-fit:cover;width:400px\" srcset=\"https:\/\/arbom.fr\/wp-content\/uploads\/2025\/09\/IMG_20250528_113944-1024x768.jpg 1024w, https:\/\/arbom.fr\/wp-content\/uploads\/2025\/09\/IMG_20250528_113944-300x225.jpg 300w, https:\/\/arbom.fr\/wp-content\/uploads\/2025\/09\/IMG_20250528_113944-768x576.jpg 768w, https:\/\/arbom.fr\/wp-content\/uploads\/2025\/09\/IMG_20250528_113944-1536x1152.jpg 1536w, https:\/\/arbom.fr\/wp-content\/uploads\/2025\/09\/IMG_20250528_113944-2048x1536.jpg 2048w, https:\/\/arbom.fr\/wp-content\/uploads\/2025\/09\/IMG_20250528_113944-400x300.jpg 400w\" sizes=\"auto, (max-width: 1024px) 100vw, 1024px\" \/><figcaption class=\"wp-element-caption\">Taille de Haie<\/figcaption><\/figure>\n<\/div><\/div>\n\n\n\n<div class=\"wp-block-column is-vertically-aligned-center is-layout-flow wp-block-column-is-layout-flow\"><div class=\"wp-block-image is-style-rounded\">\n<figure class=\"aligncenter size-large is-resized\"><img alt=\"\" loading=\"lazy\" decoding=\"async\" width=\"1024\" height=\"754\" src=\"https:\/\/arbom.fr\/wp-content\/uploads\/2025\/09\/logosapgrandsansombre-1024x754.png\" alt=\"\" class=\"wp-image-267\" style=\"width:400px\" srcset=\"https:\/\/arbom.fr\/wp-content\/uploads\/2025\/09\/logosapgrandsansombre-1024x754.png 1024w, https:\/\/arbom.fr\/wp-content\/uploads\/2025\/09\/logosapgrandsansombre-300x221.png 300w, https:\/\/arbom.fr\/wp-content\/uploads\/2025\/09\/logosapgrandsansombre-768x565.png 768w, https:\/\/arbom.fr\/wp-content\/uploads\/2025\/09\/logosapgrandsansombre-407x300.png 407w, https:\/\/arbom.fr\/wp-content\/uploads\/2025\/09\/logosapgrandsansombre.png 1058w\" sizes=\"auto, (max-width: 1024px) 100vw, 1024px\" \/><figcaption class=\"wp-element-caption\">B\u00e9n\u00e9ficiez de 50% de cr\u00e9dit d&rsquo;imp\u00f4ts sur les travaux d&rsquo;espaces verts<\/figcaption><\/figure>\n<\/div><\/div>\n<\/div>\n\n\n\n<p><\/p>\n","protected":false},"excerpt":{"rendered":"<p>ARBOM vous accompagne dans l&rsquo;entretien de vos espaces verts et b\u00e9n\u00e9ficie de la r\u00e9duction d\u2019imp\u00f4ts de 50% pour les petits travaux de jardinage ARBOM b\u00e9n\u00e9ficie &hellip;<\/p>\n","protected":false},"author":1,"featured_media":0,"parent":0,"menu_order":0,"comment_status":"closed","ping_status":"closed","template":"","meta":{"_seopress_robots_primary_cat":"","_seopress_titles_title":"","_seopress_titles_desc":"","_seopress_robots_index":"","footnotes":""},"class_list":["post-79","page","type-page","status-publish","hentry"],"_links":{"self":[{"href":"https:\/\/arbom.fr\/index.php\/wp-json\/wp\/v2\/pages\/79","targetHints":{"allow":["GET"]}}],"collection":[{"href":"https:\/\/arbom.fr\/index.php\/wp-json\/wp\/v2\/pages"}],"about":[{"href":"https:\/\/arbom.fr\/index.php\/wp-json\/wp\/v2\/types\/page"}],"author":[{"embeddable":true,"href":"https:\/\/arbom.fr\/index.php\/wp-json\/wp\/v2\/users\/1"}],"replies":[{"embeddable":true,"href":"https:\/\/arbom.fr\/index.php\/wp-json\/wp\/v2\/comments?post=79"}],"version-history":[{"count":9,"href":"https:\/\/arbom.fr\/index.php\/wp-json\/wp\/v2\/pages\/79\/revisions"}],"predecessor-version":[{"id":275,"href":"https:\/\/arbom.fr\/index.php\/wp-json\/wp\/v2\/pages\/79\/revisions\/275"}],"wp:attachment":[{"href":"https:\/\/arbom.fr\/index.php\/wp-json\/wp\/v2\/media?parent=79"}],"curies":[{"name":"wp","href":"https:\/\/api.w.org\/{rel}","templated":true}]}}