{"id":3,"date":"2025-01-23T17:45:01","date_gmt":"2025-01-23T16:45:01","guid":{"rendered":"http:\/\/arbom.fr\/?page_id=3"},"modified":"2025-03-17T11:15:42","modified_gmt":"2025-03-17T10:15:42","slug":"politique-de-confidentialite","status":"publish","type":"page","link":"https:\/\/arbom.fr\/index.php\/politique-de-confidentialite\/","title":{"rendered":"Qui sommes nous ?"},"content":{"rendered":"\n<h2 class=\"wp-block-heading\">Qui sommes-nous&nbsp;?<\/h2>\n\n\n\n<p>Derri\u00e8re ARBOM se cache Bertrand, grimpeur \u00e9lagueur. Coop\u00e9rateur-associ\u00e9 au sein de <a href=\"https:\/\/www.natura-scop.org\/\" data-type=\"link\" data-id=\"https:\/\/www.natura-scop.org\/\">NATURA SCOP<\/a>, une coop\u00e9rative de salari\u00e9s d\u00e9di\u00e9s aux m\u00e9tiers de l&rsquo;environnement.<\/p>\n\n\n\n<h2 class=\"wp-block-heading\">Vos donn\u00e9es personnelles<\/h2>\n\n\n\n<p>ARBOM ne collecte aucune donn\u00e9es personnelles, ouf ! <\/p>\n\n\n\n<h2 class=\"wp-block-heading\">Lien amis<\/h2>\n\n\n\n<p>Coop\u00e9rative <a href=\"https:\/\/www.natura-scop.org\/\" data-type=\"link\" data-id=\"https:\/\/www.natura-scop.org\/\">NATURA SCOP<\/a>, Coop\u00e9rative d&rsquo;Activit\u00e9 et d&rsquo;Emploi (CAE) sp\u00e9cialis\u00e9e dans les m\u00e9tiers de l&rsquo;environnement<\/p>\n\n\n\n<p><a href=\"https:\/\/www.acces-sap.com\/particuliers\/\" data-type=\"link\" data-id=\"https:\/\/www.acces-sap.com\/particuliers\/\">ACCES SAP <\/a>: coop\u00e9rative de Service \u00e0 la Personne pour le cr\u00e9dit d\u2019imp\u00f4ts dont ARBOM est partenaire<\/p>\n\n\n\n<p><a href=\"https:\/\/pepiniere.graines-voyageuses.fr\/\" data-type=\"link\" data-id=\"https:\/\/pepiniere.graines-voyageuses.fr\/\">P\u00e9pini\u00e8re Graine Voyageuse<\/a> \u00e0 Saillans : Arbres, arbustes et aromatiques. Essence locales, foresti\u00e8res et exotiques.<\/p>\n\n\n\n<p><a href=\"https:\/\/www.facebook.com\/pepinierejacquet\/?locale=fr_FR\" data-type=\"link\" data-id=\"https:\/\/www.facebook.com\/pepinierejacquet\/?locale=fr_FR\">P\u00e9pini\u00e8re Jacquet<\/a> \u00e0 St Peray : Ils on TOUT !<\/p>\n\n\n\n<p><a href=\"http:\/\/copalme.org\/\" data-type=\"link\" data-id=\"http:\/\/copalme.org\/\">Association COPALME<\/a> : Conseil et informations sur les arbres et les arboristes francophones.<\/p>\n\n\n\n<p><a href=\"https:\/\/alicezavaro-croquis.webnode.fr\/\" data-type=\"link\" data-id=\"https:\/\/alicezavaro-croquis.webnode.fr\/\">Alice Zavarro<\/a> : Mais quelle belle charte graphique, quel magnifique logo&#8230; Merci Alice !<\/p>\n\n\n\n<p><\/p>\n","protected":false},"excerpt":{"rendered":"<p>Qui sommes-nous&nbsp;? Derri\u00e8re ARBOM se cache Bertrand, grimpeur \u00e9lagueur. Coop\u00e9rateur-associ\u00e9 au sein de NATURA SCOP, une coop\u00e9rative de salari\u00e9s d\u00e9di\u00e9s aux m\u00e9tiers de l&rsquo;environnement. Vos &hellip;<\/p>\n","protected":false},"author":1,"featured_media":0,"parent":0,"menu_order":0,"comment_status":"closed","ping_status":"open","template":"","meta":{"_seopress_robots_primary_cat":"","_seopress_titles_title":"","_seopress_titles_desc":"","_seopress_robots_index":"","footnotes":""},"class_list":["post-3","page","type-page","status-publish","hentry"],"_links":{"self":[{"href":"https:\/\/arbom.fr\/index.php\/wp-json\/wp\/v2\/pages\/3","targetHints":{"allow":["GET"]}}],"collection":[{"href":"https:\/\/arbom.fr\/index.php\/wp-json\/wp\/v2\/pages"}],"about":[{"href":"https:\/\/arbom.fr\/index.php\/wp-json\/wp\/v2\/types\/page"}],"author":[{"embeddable":true,"href":"https:\/\/arbom.fr\/index.php\/wp-json\/wp\/v2\/users\/1"}],"replies":[{"embeddable":true,"href":"https:\/\/arbom.fr\/index.php\/wp-json\/wp\/v2\/comments?post=3"}],"version-history":[{"count":4,"href":"https:\/\/arbom.fr\/index.php\/wp-json\/wp\/v2\/pages\/3\/revisions"}],"predecessor-version":[{"id":112,"href":"https:\/\/arbom.fr\/index.php\/wp-json\/wp\/v2\/pages\/3\/revisions\/112"}],"wp:attachment":[{"href":"https:\/\/arbom.fr\/index.php\/wp-json\/wp\/v2\/media?parent=3"}],"curies":[{"name":"wp","href":"https:\/\/api.w.org\/{rel}","templated":true}]}}